{"id":151,"date":"2012-08-16T18:21:25","date_gmt":"2012-08-16T18:21:25","guid":{"rendered":"http:\/\/www.maisverniz.pt\/web2012\/?page_id=151"},"modified":"2020-01-04T02:14:49","modified_gmt":"2020-01-04T02:14:49","slug":"quem-somos","status":"publish","type":"page","link":"https:\/\/www.maisverniz.pt\/web2012\/quem-somos\/","title":{"rendered":"Quem Somos"},"content":{"rendered":"<p>Somos uma empresa especializada na Gest\u00e3o da Produ\u00e7\u00e3o Gr\u00e1fica e \u2028dispomos tamb\u00e9m de um departamento de Design e apoio Gr\u00e1fico.<\/p>\n<p>Encaramos cada desafio dos nossos Clientes como uma nova oportunidade de inova\u00e7\u00e3o e rigor.<\/p>\n<p>Os nossos colaboradores s\u00e3o profissionais altamente qualificados, nas \u00e1reas de Design e Produ\u00e7\u00e3o Gr\u00e1fica, sabendo gerar solu\u00e7\u00f5es criativas<br \/>\nque v\u00e3o ao encontro das necessidades dos nossos Clientes.<\/p>\n<p>Alicer\u00e7ada num apoio t\u00e9cnico em cada consulta, uma correcta Gest\u00e3o da Produ\u00e7\u00e3o garante:<br \/>\n&#8211; a optimiza\u00e7\u00e3o dos trabalhos a n\u00edvel or\u00e7amental;<br \/>\n&#8211; o aumento dos padr\u00f5es de qualidade final;<br \/>\n&#8211; um timing exacto de produ\u00e7\u00e3o, determinado pelo Cliente.<\/p>\n<p>A MaisVerniz garante uma resposta imediata a todos os Clientes, qualquer que seja o seu fluxo e variedade de trabalho: impress\u00e3o offset,<br \/>\nimpress\u00e3o digital de pequeno e grande formato, mailings, material de merchandising e ponto de venda, serigrafia, decora\u00e7\u00e3o de interiores e exteriores, sinal\u00e9tica, etc.<\/p>\n<p>Na MaisVerniz, orgulhamo-nos de saber merecer diariamente a m\u00e1xima confian\u00e7a dos nossos Clientes e Fornecedores. S\u00f3 assim, conseguimos gerar neg\u00f3cio e, ao mesmo tempo, manter la\u00e7os de parceria, proporcionando sempre um servi\u00e7o com a m\u00e1xima qualidade.<\/p>\n<p>Contacte-nos e deixe-nos o seu desafio.<\/p>\n","protected":false},"excerpt":{"rendered":"<p>Somos uma empresa especializada na Gest\u00e3o da Produ\u00e7\u00e3o Gr\u00e1fica e \u2028dispomos tamb\u00e9m de um departamento de Design e apoio Gr\u00e1fico. Encaramos cada desafio dos nossos Clientes como uma nova oportunidade de inova\u00e7\u00e3o e rigor. Os nossos colaboradores s\u00e3o profissionais altamente qualificados, nas \u00e1reas de Design e Produ\u00e7\u00e3o Gr\u00e1fica, sabendo gerar solu\u00e7\u00f5es criativas que v\u00e3o ao<\/p>\n<p class=\"readmore\"> <a href=\"https:\/\/www.maisverniz.pt\/web2012\/quem-somos\/\" title=\"Read Quem Somos\">  CONTINUE READING &#8230;<\/a> <\/p>\n","protected":false},"author":1,"featured_media":0,"parent":0,"menu_order":0,"comment_status":"closed","ping_status":"closed","template":"template.fullwidth.php","meta":{"footnotes":""},"class_list":["post-151","page","type-page","status-publish","hentry"],"_links":{"self":[{"href":"https:\/\/www.maisverniz.pt\/web2012\/wp-json\/wp\/v2\/pages\/151","targetHints":{"allow":["GET"]}}],"collection":[{"href":"https:\/\/www.maisverniz.pt\/web2012\/wp-json\/wp\/v2\/pages"}],"about":[{"href":"https:\/\/www.maisverniz.pt\/web2012\/wp-json\/wp\/v2\/types\/page"}],"author":[{"embeddable":true,"href":"https:\/\/www.maisverniz.pt\/web2012\/wp-json\/wp\/v2\/users\/1"}],"replies":[{"embeddable":true,"href":"https:\/\/www.maisverniz.pt\/web2012\/wp-json\/wp\/v2\/comments?post=151"}],"version-history":[{"count":5,"href":"https:\/\/www.maisverniz.pt\/web2012\/wp-json\/wp\/v2\/pages\/151\/revisions"}],"predecessor-version":[{"id":244,"href":"https:\/\/www.maisverniz.pt\/web2012\/wp-json\/wp\/v2\/pages\/151\/revisions\/244"}],"wp:attachment":[{"href":"https:\/\/www.maisverniz.pt\/web2012\/wp-json\/wp\/v2\/media?parent=151"}],"curies":[{"name":"wp","href":"https:\/\/api.w.org\/{rel}","templated":true}]}}